{"id":88,"date":"2024-04-11T12:29:42","date_gmt":"2024-04-11T12:29:42","guid":{"rendered":"https:\/\/grafikaweb.exone-web.pl\/formularz\/?page_id=88"},"modified":"2024-04-19T08:31:43","modified_gmt":"2024-04-19T08:31:43","slug":"polityka-prywatnosci","status":"publish","type":"page","link":"https:\/\/grafikaweb.exone-web.pl\/formularz\/polityka-prywatnosci\/","title":{"rendered":"Polityka prywatno\u015bci"},"content":{"rendered":"\t\t<div data-elementor-type=\"wp-page\" data-elementor-id=\"88\" class=\"elementor elementor-88\" data-elementor-post-type=\"page\">\n\t\t\t\t<div class=\"elementor-element elementor-element-9edb81e e-flex e-con-boxed e-con e-parent\" data-id=\"9edb81e\" data-element_type=\"container\" data-core-v316-plus=\"true\">\n\t\t\t\t\t<div class=\"e-con-inner\">\n\t\t\t\t<div class=\"elementor-element elementor-element-6bf4a92 elementor-widget elementor-widget-heading\" data-id=\"6bf4a92\" data-element_type=\"widget\" data-widget_type=\"heading.default\">\n\t\t\t\t<div class=\"elementor-widget-container\">\n\t\t\t<style>\/*! elementor - v3.20.0 - 10-04-2024 *\/\n.elementor-heading-title{padding:0;margin:0;line-height:1}.elementor-widget-heading .elementor-heading-title[class*=elementor-size-]>a{color:inherit;font-size:inherit;line-height:inherit}.elementor-widget-heading .elementor-heading-title.elementor-size-small{font-size:15px}.elementor-widget-heading .elementor-heading-title.elementor-size-medium{font-size:19px}.elementor-widget-heading .elementor-heading-title.elementor-size-large{font-size:29px}.elementor-widget-heading .elementor-heading-title.elementor-size-xl{font-size:39px}.elementor-widget-heading .elementor-heading-title.elementor-size-xxl{font-size:59px}<\/style><h2 class=\"elementor-heading-title elementor-size-default\">Polityka prywatno\u015bci<\/h2>\t\t<\/div>\n\t\t\t\t<\/div>\n\t\t\t\t<div class=\"elementor-element elementor-element-054a7fd elementor-widget elementor-widget-text-editor\" data-id=\"054a7fd\" data-element_type=\"widget\" data-widget_type=\"text-editor.default\">\n\t\t\t\t<div class=\"elementor-widget-container\">\n\t\t\t<style>\/*! elementor - v3.20.0 - 10-04-2024 *\/\n.elementor-widget-text-editor.elementor-drop-cap-view-stacked .elementor-drop-cap{background-color:#69727d;color:#fff}.elementor-widget-text-editor.elementor-drop-cap-view-framed .elementor-drop-cap{color:#69727d;border:3px solid;background-color:transparent}.elementor-widget-text-editor:not(.elementor-drop-cap-view-default) .elementor-drop-cap{margin-top:8px}.elementor-widget-text-editor:not(.elementor-drop-cap-view-default) .elementor-drop-cap-letter{width:1em;height:1em}.elementor-widget-text-editor .elementor-drop-cap{float:left;text-align:center;line-height:1;font-size:50px}.elementor-widget-text-editor .elementor-drop-cap-letter{display:inline-block}<\/style>\t\t\t\t<p>Zgodnie z art. 13 ust. 1-2 Rozporz\u0105dzenia Parlamentu Europejskiego i Rady (UE) 2016\/679 z dnia 27 kwietnia 2016 r. w sprawie ochrony os\u00f3b fizycznych w zwi\u0105zku z przetwarzaniem danych osobowych i w sprawie swobodnego przep\u0142ywu takich danych oraz uchylenia dyrektywy 95\/46\/WE (og\u00f3lne rozporz\u0105dzenie o ochronie danych) (dalej \u201eRODO\u201d) informujemy, \u017ce:<\/p><h4 class=\"wp-block-heading\">I. Administratorem Twoich danych osobowych jest<\/h4><p>Invest Lead Sp. z o.o., z siedzib\u0105 przy ul. Cybulskiego 1\/1B, 50-206 Wroc\u0142aw o numerach NIP: 8992840953, REGON: 369458948, KRS: 0000717966 (Administrator).<\/p><p>We wszelkich sprawach zwi\u0105zanych z przetwarzaniem Twoich danych osobowych mo\u017cesz skontaktowa\u0107 si\u0119 z Administratorem pod adresem e-mail kontakt@investlead.pl lub pisemnie na adres siedziby Administratora.<\/p><h4 class=\"wp-block-heading\">II. Cele i podstawy przetwarzania<\/h4><p>Przetwarzamy Twoje dane osobowe pozyskane w Serwisie za po\u015brednictwem formularzy, w celu:<\/p><ol><li>Realizacji Twojej pro\u015bby o przedstawienie oferty leasingu oraz us\u0142ug pokrewnych i powi\u0105zanych na podstawie Twojej zgody (RODO 6.1.a);<\/li><li>W celach archiwalnych (dowodowych) b\u0119d\u0105cych realizacj\u0105 naszego prawnie uzasadnionego interesu zabezpieczenia informacji na wypadek prawnej potrzeby wykazania fakt\u00f3w (podstawa z art. 6 ust. 1 lit. f RODO).<\/li><li>W celu i w zakresie niezb\u0119dnym do ewentualnego ustalenia, dochodzenia lub obrony naszych roszcze\u0144 zwi\u0105zanych z korzystaniem z Serwisu, co jest realizacj\u0105 naszego prawnie uzasadnionego interesu (RODO 6.1.f).<\/li><li>W celach analitycznych (lepszego doboru us\u0142ug do potrzeb naszych Klient\u00f3w, og\u00f3lnej optymalizacji naszych produkt\u00f3w, optymalizacji proces\u00f3w obs\u0142ugi, budowania wiedzy o naszych Klientach, analizy finansowej naszej sp\u00f3\u0142ki itp.) b\u0119d\u0105cego realizacj\u0105 naszego prawnie uzasadnionego w tym interesu (podstawa z art. 6 ust. 1 lit. f RODO).<\/li><li>Je\u015bli wyrazisz na to zgod\u0119 przy wype\u0142nieniu formularza \u2013 w celu oferowania Ci przez nas produkt\u00f3w i us\u0142ug bezpo\u015brednio (marketing bezpo\u015bredni), w tym dobierania ich pod k\u0105tem Twoich potrzeb, b\u0119d\u0105cego realizacj\u0105 naszego prawnie uzasadnionego w tym interesu (podstawa z art. 6 ust. 1 lit. f RODO).<\/li><\/ol><h4 class=\"wp-block-heading\">III. Prawo do sprzeciwu<\/h4><ol><li>W ka\u017cdej chwili przys\u0142uguje Ci prawo do wniesienia sprzeciwu wobec przetwarzania Twoich danych, przetwarzanych w celach 2-4 przetwarzanych na podstawie uzasadnionego interesu. Przestaniemy przetwarza\u0107 Twoje dane w tych celach, chyba \u017ce b\u0119dziemy w stanie wykaza\u0107, \u017ce istniej\u0105 wa\u017cne, prawnie uzasadnione podstawy, kt\u00f3re s\u0105 nadrz\u0119dne wobec Twoich interes\u00f3w, praw i wolno\u015bci lub Twoje dane b\u0119d\u0105 nam niezb\u0119dne do ewentualnego ustalenia, dochodzenia lub obrony roszcze\u0144.<\/li><li>W ka\u017cdej chwili przys\u0142uguje Ci prawo do wniesienia sprzeciwu wobec przetwarzania Twoich danych w celu marketingu bezpo\u015bredniego. Je\u017celi skorzystasz z tego prawa \u2013 zaprzestaniemy przetwarzania danych w tym celu.<\/li><\/ol><h4 class=\"wp-block-heading\">IV. Okres przechowywania danych.<\/h4><ol><li>Dane pozyskane w celu realizacji celu 1 b\u0119dziemy przetwarza\u0107 a\u017c do momentu wycofania przez Ciebie zgody na ich przetwarzanie, jednak nie d\u0142u\u017cej ni\u017c 24 miesi\u0105ce. W ka\u017cdej chwili przys\u0142uguje Ci prawo do wycofania zgody, ale jej wycofanie nie wp\u0142ywa na zgodno\u015b\u0107 z prawem przetwarzania dokonanego w czasie, gdy j\u0105 posiadali\u015bmy.<\/li><li>B\u0119dziemy przetwarza\u0107 Twoje dane pozyskane za po\u015brednictwem Serwisu w celach marketingowych tak d\u0142ugo, a\u017c nie wyrazisz wobec takiego przetwarzania sprzeciwu lub uznamy, \u017ce dane si\u0119 zdezaktualizowa\u0142y.<\/li><li>Dane niezb\u0119dne do ewentualnego ustalenia, dochodzenia lub obrony naszych roszcze\u0144 zwi\u0105zanych z korzystaniem z Serwisu przechowujemy do czasu przedawnienia tych roszcze\u0144.<\/li><\/ol><h4 class=\"wp-block-heading\">V. Odbiorcy danych<\/h4><p>Twoje dane osobowe mog\u0105 zosta\u0107 przekazywane:<\/p><ol><li>Wybranym\u00a0Partnerom (innym administratorom danych osobowych), czyli firmom, z kt\u00f3rymi wsp\u00f3\u0142pracujemy przy realizacji celu 1 przetwarzania danych osobowych na podstawie Twojej zgody. Lista Partner\u00f3w, kt\u00f3rym mog\u0105 by\u0107 przekazane Twoje dane osobowe.<ul><li>W przypadku produkt\u00f3w leasingowych:<ul><li>VEHIS Sp. z o.o. z siedzib\u0105 w Katowicach<\/li><li>Millennium Leasing Sp. z o.o. z siedzib\u0105 w Warszawie<\/li><li>AUREUS LEASING SP. Z O.O. z siedzib\u0105 w Gliwicach<\/li><li>Expander Advisors Sp. z o.o. z siedzib\u0105 w Warszawie<\/li><li>Santander Consumer Bank S.A. z siedzib\u0105 we Wroc\u0142awiu<\/li><\/ul><\/li><li>W przypadku us\u0142ug po\u015brednictwa ubezpieczeniowego:<ul><li>Lendi Care sp. z o.o. z siedzib\u0105 w Szczecinie<\/li><li>Punkta sp. z o.o. z siedzib\u0105 w Warszawie<\/li><\/ul><\/li><\/ul><\/li><li>Dane mog\u0105 by\u0107 przekazane innym naszym Partnerom ni\u017c wskazani powy\u017cej, w przypadku gdy na podstawie Twoich odpowiedzi pozostawionych w formularzu uznamy, \u017ce inny z naszych Partner\u00f3w b\u0119dzie w stanie lepiej odpowiedzie\u0107 na Twoje potrzeby.<\/li><li>Naszym podwykonawcom (podmiotom przetwarzaj\u0105cym) np. firmom hostingowym, prawniczym, informatycznym w celu zapewnienia obs\u0142ugi Serwisu i realizacji naszych us\u0142ug.<\/li><\/ol><h4 class=\"wp-block-heading\">VI. Prawa os\u00f3b, kt\u00f3rych dane dotycz\u0105<\/h4><p>Zgodnie z RODO, przys\u0142uguje Ci prawo do:<\/p><p>a) dost\u0119pu do swoich danych oraz otrzymania ich kopii<br \/>b) sprostowania (poprawiania) swoich danych<br \/>c) usuni\u0119cia, ograniczenia lub wniesienia sprzeciwu wobec ich przetwarzania<br \/>d) przenoszenia danych<br \/>e) wniesienia skargi do organu nadzorczego<\/p><p>W celu wykonania wy\u017cej wymienionych praw, skontaktuj si\u0119 z nami mailowo na adres kontakt@investlead.pl lub pisemnie na adres naszej siedziby. Je\u015bli masz w\u0105tpliwo\u015bci odno\u015bnie przetwarzania Twoich danych osobowych przez nas, przys\u0142uguje Ci prawo do wniesienia skargi do organu nadzorczego.<\/p><h4 class=\"wp-block-heading\">VII. Informacja o dobrowolno\u015bci podania danych<\/h4><p>Podanie danych jest dobrowolne, ale niezb\u0119dne do realizacji celu 1 przetwarzania danych osobowych.<\/p><h4 class=\"wp-block-heading\">IX. Zautomatyzowane podejmowanie decyzji<\/h4><p>Informujemy, \u017ce w procesie przygotowania por\u00f3wnania ofert kredytowych\u00a0<strong>nie<\/strong>\u00a0podejmujemy decyzji w spos\u00f3b zautomatyzowany i Twoje dane\u00a0<strong>nie<\/strong>\u00a0s\u0105 profilowane.<\/p><h4 class=\"wp-block-heading\">Bezpiecze\u0144stwo w Serwisie<\/h4><p>wdro\u017cyli\u015bmy rozwi\u0105zania zapewniaj\u0105ce wysoki poziom ochrony Twoich danych, w tym polityk\u0119 bezpiecze\u0144stwa informacji spe\u0142niaj\u0105c\u0105 wysokie standardy ochrony danych osobowych.<\/p><h4 class=\"wp-block-heading\">Pliki Cookies<\/h4><ol><li>Podczas przegl\u0105dania Serwisu, stosownie do konfiguracji przegl\u0105darki, na Twoim urz\u0105dzeniu (urz\u0105dzeniu ko\u0144cowym) mo\u017ce zosta\u0107 zapisany przez nas lub firm\u0119 wsp\u00f3\u0142pracuj\u0105c\u0105 (naszego podwykonawc\u0119) jeden lub kilka plik\u00f3w cookie. Prosimy o zapoznanie si\u0119 z poni\u017cszymi informacjami na temat plik\u00f3w cookie oraz sposobu ich wykorzystywania.<\/li><li>Cookies to ma\u0142e pliki, kt\u00f3re s\u0105 umieszczone na dysku twardym komputera podczas odwiedzania niekt\u00f3rych stron internetowych. Zawieraj\u0105 one informacje na temat urz\u0105dzenia i zazwyczaj nie zawieraj\u0105 \u017cadnych danych osobowych.<\/li><li>Pliki te nie mog\u0105 by\u0107 wykorzystane do infekowania urz\u0105dzenia wirusami lub innym z\u0142o\u015bliwym oprogramowaniem. W plikach cookies przechowujemy podstawowe, anonimowe informacje o u\u017cytkownikach (np. identyfikator) oraz dane s\u0142u\u017c\u0105ce podniesieniu komfortu korzystania z Serwisu, potrzebne dla optymalizacji i poprawnego wy\u015bwietlania tre\u015bci zawartych na stronach oraz kampanii reklamowych.<\/li><li>Jako u\u017cytkownik Serwisu mo\u017cesz w dowolnej chwili zaprzesta\u0107 dostarczania tych informacji Serwisowi poprzez wykasowanie plik\u00f3w cookies zapisanych na Twoich urz\u0105dzeniach ko\u0144cowych przez Serwis. Aby tego dokona\u0107 nale\u017cy zmieni\u0107 ustawienia aktualnie u\u017cywanej przegl\u0105darki internetowej.<\/li><li>Mo\u017cliwe jest r\u00f3wnie\u017c skonfigurowanie przegl\u0105darki w spos\u00f3b, kt\u00f3ry zablokuje instalacj\u0119 plik\u00f3w cookie dla okre\u015blonych, wybranych przez Ciebie stron internetowych lub dla wszystkich stron. Ustawienia takie spowoduj\u0105 jednak utrat\u0119 niekt\u00f3rych funkcjonalno\u015bci Serwisu, kt\u00f3re wymagaj\u0105 instalacji plik\u00f3w cookie.<\/li><li>Zgodnie z wymogami Prawa Telekomunikacyjnego za potwierdzenie zgody na wykorzystanie plik\u00f3w cookies uznaje si\u0119 skonfigurowanie przegl\u0105darki pozwalaj\u0105ce na instalacj\u0119 plik\u00f3w cookies na komputerze.<\/li><li>Zastrzegamy sobie prawo do zmiany niniejszej Polityki Prywatno\u015bci, w szczeg\u00f3lno\u015bci ze wzgl\u0119du na zmian\u0119 przepis\u00f3w prawa, zmian\u0119 technologii lub sposobu funkcjonowania Serwisu. Aktualny tekst Polityki Prywatno\u015bci zawsze znajduje si\u0119 w Serwisie.<\/li><\/ol>\t\t\t\t\t\t<\/div>\n\t\t\t\t<\/div>\n\t\t\t\t\t<\/div>\n\t\t\t\t<\/div>\n\t\t\t\t<\/div>\n\t\t","protected":false},"excerpt":{"rendered":"<p>Polityka prywatno\u015bci Zgodnie z art. 13 ust. 1-2 Rozporz\u0105dzenia Parlamentu Europejskiego i Rady (UE) 2016\/679 z dnia 27 kwietnia 2016 r. w sprawie ochrony os\u00f3b fizycznych w zwi\u0105zku z przetwarzaniem danych osobowych i w sprawie swobodnego przep\u0142ywu takich danych oraz uchylenia dyrektywy 95\/46\/WE (og\u00f3lne rozporz\u0105dzenie o ochronie danych) (dalej \u201eRODO\u201d) informujemy, \u017ce: I. Administratorem Twoich [&hellip;]<\/p>\n","protected":false},"author":1,"featured_media":0,"parent":0,"menu_order":0,"comment_status":"closed","ping_status":"open","template":"","meta":{"footnotes":""},"class_list":["post-88","page","type-page","status-publish","hentry"],"_links":{"self":[{"href":"https:\/\/grafikaweb.exone-web.pl\/formularz\/wp-json\/wp\/v2\/pages\/88","targetHints":{"allow":["GET"]}}],"collection":[{"href":"https:\/\/grafikaweb.exone-web.pl\/formularz\/wp-json\/wp\/v2\/pages"}],"about":[{"href":"https:\/\/grafikaweb.exone-web.pl\/formularz\/wp-json\/wp\/v2\/types\/page"}],"author":[{"embeddable":true,"href":"https:\/\/grafikaweb.exone-web.pl\/formularz\/wp-json\/wp\/v2\/users\/1"}],"replies":[{"embeddable":true,"href":"https:\/\/grafikaweb.exone-web.pl\/formularz\/wp-json\/wp\/v2\/comments?post=88"}],"version-history":[{"count":7,"href":"https:\/\/grafikaweb.exone-web.pl\/formularz\/wp-json\/wp\/v2\/pages\/88\/revisions"}],"predecessor-version":[{"id":169,"href":"https:\/\/grafikaweb.exone-web.pl\/formularz\/wp-json\/wp\/v2\/pages\/88\/revisions\/169"}],"wp:attachment":[{"href":"https:\/\/grafikaweb.exone-web.pl\/formularz\/wp-json\/wp\/v2\/media?parent=88"}],"curies":[{"name":"wp","href":"https:\/\/api.w.org\/{rel}","templated":true}]}}